{"id":11251,"date":"2023-06-15T21:26:10","date_gmt":"2023-06-15T21:26:10","guid":{"rendered":"https:\/\/www.bibliotecahispana.com\/?page_id=11251"},"modified":"2023-06-15T21:26:10","modified_gmt":"2023-06-15T21:26:10","slug":"biblioteca-pastoral","status":"publish","type":"page","link":"https:\/\/bibliotecahispana.net\/index.php\/biblioteca-pastoral\/","title":{"rendered":"Biblioteca Pastoral"},"content":{"rendered":"<p><a href=\"https:\/\/bibliotecapastoral.com\/\"><img decoding=\"async\" class=\"size-full wp-image-11254 aligncenter\" src=\"https:\/\/www.bibliotecahispana.com\/wp-content\/uploads\/2023\/06\/BP.png\" alt=\"\" width=\"231\" height=\"209\" \/><\/a><\/p>\n<p style=\"text-align: center;\"><strong>Comunidad B\u00edblica Dedicada A Apoyar Y Equipar A Pastores Para El Ministerio<\/strong>.<\/p>\n<p>Nuestra Misi\u00f3n es poder hacer una comunidad donde podamos compartir escritos acad\u00e9micos para el estudio privado o p\u00fablico.<\/p>\n<p><span style=\"color: #800000;\">Los de Berea <span style=\"color: #0000ff;\">ten\u00edan una mentalidad m\u00e1s abierta<\/span> que los de Tesal\u00f3nica y <span style=\"color: #0000ff;\">escucharon con entusiasmo el mensaje<\/span> de Pablo. <span style=\"color: #0000ff;\">D\u00eda tras d\u00eda examinaban las Escrituras para ver si<\/span> Pablo y Silas <span style=\"color: #0000ff;\">ense\u00f1aban la verdad<\/span>.<\/span><\/p>\n","protected":false},"excerpt":{"rendered":"<p>Comunidad B\u00edblica Dedicada A Apoyar Y Equipar A Pastores Para El Ministerio. Nuestra Misi\u00f3n es poder hacer una comunidad donde podamos compartir escritos acad\u00e9micos para el estudio privado o p\u00fablico. Los de Berea ten\u00edan una mentalidad m\u00e1s abierta que los de Tesal\u00f3nica y escucharon con entusiasmo el mensaje de Pablo. D\u00eda tras d\u00eda examinaban las [&hellip;]<\/p>\n","protected":false},"author":1,"featured_media":11254,"parent":0,"menu_order":0,"comment_status":"closed","ping_status":"closed","template":"","meta":{"_seopress_robots_primary_cat":"","_seopress_titles_title":"","_seopress_titles_desc":"","_seopress_robots_index":"","pmpro_default_level":"","_mi_skip_tracking":false,"_monsterinsights_sitenote_active":false,"_monsterinsights_sitenote_note":"","_monsterinsights_sitenote_category":0,"_uf_show_specific_survey":0,"_uf_disable_surveys":false,"site-sidebar-layout":"default","site-content-layout":"","ast-site-content-layout":"default","site-content-style":"default","site-sidebar-style":"default","ast-global-header-display":"","ast-banner-title-visibility":"","ast-main-header-display":"","ast-hfb-above-header-display":"","ast-hfb-below-header-display":"","ast-hfb-mobile-header-display":"","site-post-title":"","ast-breadcrumbs-content":"","ast-featured-img":"","footer-sml-layout":"","ast-disable-related-posts":"","theme-transparent-header-meta":"","adv-header-id-meta":"","stick-header-meta":"","header-above-stick-meta":"","header-main-stick-meta":"","header-below-stick-meta":"","astra-migrate-meta-layouts":"default","ast-page-background-enabled":"default","ast-page-background-meta":{"desktop":{"background-color":"var(--ast-global-color-4)","background-image":"","background-repeat":"repeat","background-position":"center center","background-size":"auto","background-attachment":"scroll","background-type":"","background-media":"","overlay-type":"","overlay-color":"","overlay-opacity":"","overlay-gradient":""},"tablet":{"background-color":"","background-image":"","background-repeat":"repeat","background-position":"center center","background-size":"auto","background-attachment":"scroll","background-type":"","background-media":"","overlay-type":"","overlay-color":"","overlay-opacity":"","overlay-gradient":""},"mobile":{"background-color":"","background-image":"","background-repeat":"repeat","background-position":"center center","background-size":"auto","background-attachment":"scroll","background-type":"","background-media":"","overlay-type":"","overlay-color":"","overlay-opacity":"","overlay-gradient":""}},"ast-content-background-meta":{"desktop":{"background-color":"var(--ast-global-color-5)","background-image":"","background-repeat":"repeat","background-position":"center center","background-size":"auto","background-attachment":"scroll","background-type":"","background-media":"","overlay-type":"","overlay-color":"","overlay-opacity":"","overlay-gradient":""},"tablet":{"background-color":"var(--ast-global-color-5)","background-image":"","background-repeat":"repeat","background-position":"center center","background-size":"auto","background-attachment":"scroll","background-type":"","background-media":"","overlay-type":"","overlay-color":"","overlay-opacity":"","overlay-gradient":""},"mobile":{"background-color":"var(--ast-global-color-5)","background-image":"","background-repeat":"repeat","background-position":"center center","background-size":"auto","background-attachment":"scroll","background-type":"","background-media":"","overlay-type":"","overlay-color":"","overlay-opacity":"","overlay-gradient":""}},"footnotes":""},"class_list":["post-11251","page","type-page","status-publish","has-post-thumbnail","hentry","pmpro-has-access"],"_links":{"self":[{"href":"https:\/\/bibliotecahispana.net\/index.php\/wp-json\/wp\/v2\/pages\/11251","targetHints":{"allow":["GET"]}}],"collection":[{"href":"https:\/\/bibliotecahispana.net\/index.php\/wp-json\/wp\/v2\/pages"}],"about":[{"href":"https:\/\/bibliotecahispana.net\/index.php\/wp-json\/wp\/v2\/types\/page"}],"author":[{"embeddable":true,"href":"https:\/\/bibliotecahispana.net\/index.php\/wp-json\/wp\/v2\/users\/1"}],"replies":[{"embeddable":true,"href":"https:\/\/bibliotecahispana.net\/index.php\/wp-json\/wp\/v2\/comments?post=11251"}],"version-history":[{"count":0,"href":"https:\/\/bibliotecahispana.net\/index.php\/wp-json\/wp\/v2\/pages\/11251\/revisions"}],"wp:featuredmedia":[{"embeddable":true,"href":"https:\/\/bibliotecahispana.net\/index.php\/wp-json\/"}],"wp:attachment":[{"href":"https:\/\/bibliotecahispana.net\/index.php\/wp-json\/wp\/v2\/media?parent=11251"}],"curies":[{"name":"wp","href":"https:\/\/api.w.org\/{rel}","templated":true}]}}