{"id":11519,"date":"2023-08-13T14:38:11","date_gmt":"2023-08-13T14:38:11","guid":{"rendered":"https:\/\/www.bibliotecahispana.com\/?page_id=11519"},"modified":"2025-09-19T18:45:57","modified_gmt":"2025-09-19T16:45:57","slug":"teu-2023","status":"publish","type":"page","link":"https:\/\/bibliotecahispana.net\/index.php\/teu-2023\/","title":{"rendered":"TEU-2023"},"content":{"rendered":"<p><strong>Sean Bienvenidos.<\/strong><\/p>\n<p><strong>RECUERDA<\/strong>. <span style=\"color: #0000ff;\">No es necesario que adquieras esta compilaci\u00f3n, la mayor\u00eda de los m\u00f3dulos lo pod\u00e9is encontrar en nuestra web. De forma gratuita.<\/span><\/p>\n<p><a href=\"http:\/\/www.Bibliotecahispana.com\">www.Bibliotecahispana.net<\/a><\/p>\n<p>TEU (Todo En Uno) es una recopilaci\u00f3n que re\u00fane en un solo archivo todos los m\u00f3dulos publicados por BH en su p\u00e1gina Web. Est\u00e1 dise\u00f1ado para quienes desean instalar e-Sword por primera vez o prefieren contar con los m\u00f3dulos m\u00e1s recientes sin tener que buscarlos uno por uno.<\/p>\n<p>Funciona bien para e-sword en Windows; Apple y android [<strong>Los m\u00f3dulos que proporciona BH son compatibles entre si.<\/strong>]. Fecha de Testeo 17\/8\/23<\/p>\n<p>Funciona bien para Mysword. Fecha de Testeo 17\/8\/23.<\/p>\n<p>Este <strong data-start=\"68\" data-end=\"89\">TEU (Todo En Uno)<\/strong> ha sido dise\u00f1ado a pedido de algunos usuarios que no disponen de tiempo suficiente. Para ellos resulta muy largo buscar m\u00f3dulo por m\u00f3dulo, y tambi\u00e9n les cuesta instalarlos de manera individual. Con esta compilaci\u00f3n todo queda m\u00e1s simple y accesible en un solo archivo.<\/p>\n<p>Se realiz\u00f3 una encuesta entre los usuarios y se acord\u00f3 sugerir un aporte de 50 USS o su equivalencia en moneda local (consulte un diario digital en su pa\u00eds la cotizaci\u00f3n del d\u00f3lar al cambio actual).<\/p>\n<p><strong>Lo puede hacer v\u00eda PayPal 53,17 USD (cobran comisi\u00f3n) o V\u00eda Remitly (En USA, Canad\u00e1 y Europa).<\/strong><br \/>\n<a href=\"https:\/\/www.paypal.com\/paypalme\/bibliotecahispana\">https:\/\/www.paypal.com\/paypalme\/bibliotecahispana<\/a><\/p>\n<p>O en su pa\u00eds tenemos una cuenta de un colaborador. (<strong>ARGENTINA, PER\u00da, M\u00c9XICO, COLOMBIA, COSTA RICA, CHILE, PANAM\u00c1, GUATEMALA, EL SALVADOR, HONDURAS, BOLIVIA, REP\u00daBLICA DOMINICANA, VENEZUELA, ESPA\u00d1A<\/strong>).<\/p>\n<p>Una vez que env\u00edes el pago por privada mande el ticket y una direcci\u00f3n de email que uses Google-Drive a los administradores de este grupo que est\u00e1n autorizados. Y se dar\u00e1 acceso a una carpeta en drive Google. Como compensaci\u00f3n se brind\u00f3 dos m\u00f3dulos exclusivos y es posible que se de una extra este fin de mes.<\/p>\n<p style=\"text-align: center;\">***<\/p>\n<table class=\" aligncenter\" style=\"height: 232px;\" width=\"583\">\n<tbody>\n<tr>\n<td width=\"189\"><img decoding=\"async\" src=\"https:\/\/4.bp.blogspot.com\/-tv1o7ZjlXtw\/WxIgdnmtcjI\/AAAAAAAACD4\/Px8csGJQIUUgoiy-hpuQZwy8BGWXzjTiwCLcBGAs\/s1600\/e-Sword.png\" \/><\/td>\n<td width=\"189\"><img decoding=\"async\" src=\"https:\/\/1.bp.blogspot.com\/-Dqd7dRFMRk0\/WxIgoy612WI\/AAAAAAAACD8\/EuQfDNMgD4EOl5kuPok0c1wl_0eRYEWBACLcBGAs\/s1600\/MySword.png\" \/><\/td>\n<td width=\"189\"><a href=\"https:\/\/chat.whatsapp.com\/ISfc2IUCu8IGewjh3xfS4Q\"><img fetchpriority=\"high\" decoding=\"async\" class=\"alignnone\" src=\"https:\/\/cdn-icons-png.flaticon.com\/512\/124\/124034.png\" alt=\"Whatsapp - Iconos gratis de redes sociales\" width=\"512\" height=\"512\" \/><\/a><\/td>\n<\/tr>\n<tr>\n<td width=\"189\">\n<p align=\"center\"><a href=\"https:\/\/drive.google.com\/drive\/folders\/1lRqv52F1SZPYMDttNaKLB82ZkZyWDwnq?usp=drive_link\" target=\"_blank\" rel=\"noopener\">E-sword (Windows)<\/a><\/p>\n<p align=\"center\"><a href=\"https:\/\/drive.google.com\/drive\/folders\/1Jc30dFelxdqjBMVHRj2KIP5M6S5N4awB?usp=drive_link\" target=\"_blank\" rel=\"noopener\">E-sword (Apple)<\/a><\/p>\n<\/td>\n<td width=\"189\">\n<p align=\"center\"><a href=\"https:\/\/drive.google.com\/drive\/folders\/1fajwqjii4tdulaYGawfTzscvQewygOLJ?usp=drive_link\" target=\"_blank\" rel=\"noopener\">Mysword<\/a><\/p>\n<\/td>\n<td width=\"189\">\n<p align=\"center\">\n<\/td>\n<\/tr>\n<\/tbody>\n<\/table>\n<p style=\"text-align: center;\">***<\/p>\n<p><strong>Listado de M\u00f3dulos<\/strong><\/p>\n<p><strong>Biblias (56)<\/strong><br \/>\n1. BDJ2000 \u2013 Biblia del Jubileo 2000 R.M. Stendal<br \/>\n2. BE-EXPOSITOR Biblia De Estudio Del Expositor<br \/>\n3. BSO \u2013 La Biblia del Siglo de Oro<br \/>\n4. BTIH \u2013 Biblia Traducci\u00f3n Interconfesional HispanoAmericana<br \/>\n5. BTX2 \u2013 Biblia Textual Segunda Edici\u00f3n<br \/>\n6. BTX3 \u2013 Biblia Textual 3er Edici\u00f3n<br \/>\n7. BTX4 \u2013 Biblia Textual (Cuarta Edici\u00f3n)<br \/>\n8. CDG \u2013 \u00c9l C\u00f3digo Real Nuevo Testamento Textual Hebraico Por Daniel A. Hayyim<br \/>\n9. CEE2011 \u2013 Sagrada Biblia: Versi\u00f3n Oficial de la Conferencia Episcopal Espa\u00f1ola (2011)<br \/>\n10. DHH-D Dios Habla Hoy (1994) con Deuterocan\u00f3nicos edici\u00f3n para Latinoam\u00e9rica<br \/>\n11. Ev-JF-Mira \u2013 Evangelios Nueva versi\u00f3n literaria del griego de J. F. Mira<br \/>\n12. Ev-R-TENA &#8211; Evangelios Versi\u00f3n Literaria del griego de Rafael TENA 2001<br \/>\n13. J\u00dcNNEMAN \u2013 Traducci\u00f3n de la Septuaginta al Espa\u00f1ol de Wilhem J\u00fcnneman Becksch\u00e4fer<br \/>\n14. Kadosh \u2013 Traducci\u00f3n Kadosh Israelita Mesi\u00e1nica 2003 Diego Ascunce<br \/>\n15. LBD1979 La Biblia al D\u00eda 1979<br \/>\n16. LBLA \u2013 La Biblia de las Am\u00e9ricas<br \/>\n17. NBD \u2013 Nueva Biblia al D\u00eda (II edici\u00f3n 2008)<br \/>\n18. NRV1990 \u2013 Nueva Reina Valera 1990<br \/>\n19. NT-Besson Nuevo Testamento de Pablo Besson \u2013 2\u00aa edici\u00f3n (1948)<br \/>\n20. NT-BTI-1978 Nuevo Testamento \u2013 Biblia Traducci\u00f3n Interconfesional 1978<br \/>\n21. NT-BXJO \u2013 Brit Xadash\u00e1 Iejudit Ortodoxa por el Dr. Rev. Phillip E. Goble<br \/>\n22. NT-CEBIHA TRADUCCI\u00d3N DEL TEXTO ORIGINAL GRIEGO POR EL CENTRO B\u00cdBLICO HISPANO AMERICANO<br \/>\n23. NTJ-STERN \u2013 Nuevo Testamento Jud\u00edo de David H. Stern<br \/>\n24. NT-LATORRE \u2013 Nuevo Testamento En Griego Y Espa\u00f1ol Por Juan Jos\u00e9 De Latorre, S.J.<br \/>\n25. NT-TLS Nuevo Testamento Traducci\u00f3n Lenguaje Sencillo<br \/>\n26. NTV \u2013 Nueva Traducci\u00f3n Viviente<br \/>\n27. NT-VBL Versi\u00f3n Biblia Libre NUEVO TESTAMENTO<br \/>\n28. NT-VHA \u2013 Nuevo Testamento Versi\u00f3n Hispanoamericana (1916)<br \/>\n29. NVI \u2013 Nueva Versi\u00f3n Internacional 1999<br \/>\n30. PDT \u2013 Palabra de Dios para todos 2008<br \/>\n31. PSH2015 \u2013 Peshitta en espa\u00f1ol 2015<br \/>\n32. RBR \u2013 Biblia Versi\u00f3n Recobro Completa (2016)<br \/>\n33. REINA1569 \u2013 CASIODORO DE REINA 1569 (BIBLIA DEL OSO)<br \/>\n34. RV1602 \u2013 Revisi\u00f3n de Cipriano de Valera en 1602 a la Versi\u00f3n de Casiodoro de Reina 1569<br \/>\n35. RVA 1989 \u2013 Reina Valera Actualizada 1989<br \/>\n36. RVA2015 \u2013 REINA VALERA ACTUALIZADA 2015<br \/>\n37. RVC \u2013 Reina Valera Contempor\u00e1nea<br \/>\n38. RVG2010 \u2013 Reina Valera G\u00f3mez 2010 Con Strong x Dr. Humberto G\u00f3mez Caballero (2004, 2010)<br \/>\n39. RVR1909 \u2013 Reina Valera Revisi\u00f3n 1909<br \/>\n40. RVR1960 \u2013 Reina Valera Revisada 1960<br \/>\n41. RVR1977 \u2013 Reina Valera Revisi\u00f3n 1977<br \/>\n42. RVR1995 \u2013 Reina Valera Revisi\u00f3n 1995<br \/>\n43. RVR1997 \u2013 Reina Valera Revisi\u00f3n 97-98 Notas aclaratorias por el Dr. Francisco Lacueva.<br \/>\n44. RVR2009 \u2013 Reina Valera Revisi\u00f3n 2009<br \/>\n45. RVR2020 Reina Valera Revisi\u00f3n 2020 (SBE)<br \/>\n46. RV-SBT \u2013 REINA VALERA 1909 REVISI\u00d3N DE LA SOCIEDAD B\u00cdBLICA TRINITARIA<br \/>\n47. Stendal1996 \u2013 Sagradas Escrituras Version Antigua \u2013 R.M. Stendal (1996)<br \/>\n48. TK-Arragel \u2013 Biblia de la Casa de Alba Por Rab\u00ed Mos\u00e9 Arragel<br \/>\n49. TLAD \u2013 Traducci\u00f3n en Lenguaje Actual deuterocan\u00f3nicos en orden alejandrino<br \/>\n50. TNM1987 Traducci\u00f3n del Nuevo Mundo de las Santas Escrituras (1987) \u2013 con referencias<br \/>\n51. TNM2019 Traducci\u00f3n del Nuevo Mundo de las Santas Escrituras (2019) \u2013 con referencias<br \/>\n52. VM2 \u2013 Versi\u00f3n Moderna II Edici\u00f3n de 1929 POR H. B. Pratt<br \/>\n53. BDJ2017+ \u2013 Biblia del Jubileo 2017 (R.M. Stendal) Con n\u00fameros de Strong y morfolog\u00eda.<br \/>\n54. LBLA+ \u2013 La Biblia de las Am\u00e9ricas (Strong\/Morfolog\u00eda)<br \/>\n55. RV1602P+ \u2013 Reina Valera Purificada 1602 (Strong\/Morfolog\u00edas)<br \/>\n56. RVR1960+ \u2013 Reina-Valera 1960 (Strong\/Morfolog\u00edas)<\/p>\n<p><strong>Interlineales (2)<\/strong><br \/>\n1. iNT-TAGNT+ Interlineal del NT Translators Amalgamated Greek NT<br \/>\n2. CEVALLOS NT-INT+ NT Interlineal Acad\u00e9mico del NT (Cevallos, Juan Carlos)<\/p>\n<p><strong>Biblias de Estudio (10)<\/strong><br \/>\n1. BE-DV BIBLIA De Estudio DEL Diario Vivir<br \/>\n2. BE-Macarthur \u2013 Biblia de Estudio Macarthur<br \/>\n3. BE-MH \u2013 BIBLIA DE ESTUDIO MUNDO HISPANO<br \/>\n4. BE-PLENITUD \u2013 Biblia de Estudio Plenitud<br \/>\n5. BE-RYRIE \u2013 Biblia de estudio Anotada Ryrie (1991)<br \/>\n6. BE-Scofield \u2013 Notas de la Biblia Anotada de Scofield<br \/>\n7. BE-Spurgeon \u2013 Biblia de Estudio con notas de C.H. Spurgeon<br \/>\n8. BE-SVA Biblia de Estudio Senda De Vida Ampliada<br \/>\n9. BE-VP \u2013 BIBLIA DE ESTUDIO VIDA PLENA<br \/>\n10. Thompson Biblia de Referencia Thompson<\/p>\n<p><strong>Comentarios (27)<\/strong><br \/>\n1. ABN-Manley NUEVO AUXILIAR B\u00cdBLICO Por G.T. Manley<br \/>\n2. ABP-Willmington AUXILIAR B\u00cdBLICO PORTAVOZ por Harold L. Willmington<br \/>\n3. ATB-M-PEARLMAN \u2013 A TRAV\u00c9S DE LA BIBLIA LIBRO POR LIBRO Por Myer Pearlman<br \/>\n4. BqExp-Wiersbe \u2013 Bosquejos Expositivos de Warren W. Wiersbe<br \/>\n5. BqSTB-JSmith Sermones y Bosquejos de toda la Biblia por James K. Smith<br \/>\n6. CB-Beacon \u2013 Comentario B\u00edblico Beacon<br \/>\n7. CB-Guzik COMENTARIO B\u00cdBLICO PALABRA DURADERA David Guzik<br \/>\n8. CB-MacDonald \u2013 Comentario B\u00edblico de William MacDonald<br \/>\n9. CB-MH Comentario B\u00edblico Mundo Hispano (24 Tomos)<br \/>\n10. CB-MHENRY Comentario b\u00edblico Matthew Henry (versi\u00f3n completa no abreviada)<br \/>\n11. CB-MHENRYa COMENTARIO DE LA BIBLIA MATTHEW HENRY ABREVIADO<br \/>\n12. CB-SXXI \u2013 Nuevo Comentario B\u00edblico Siglo Veintiuno<br \/>\n13. CB-WP-BR COMENTARIO B\u00cdBLICO Wayne Partain \u2013 Bill Reeves<br \/>\n14. CCCB-Walton y Keener \u2013 Comentario Del Contexto Cultural de la Biblia de Walton y Keener<br \/>\n15. CENT-TRENCHARD Comentario Expositivo del Nuevo Testamento X Ernesto Trenchard<br \/>\n16. CG-RHanna \u2013 Ayuda gramatical para el estudio del NT griego Roberto Hanna<br \/>\n17. CNT-LMP Comentario al Nuevo Testamento L\u00e1mpara a mis pies Por Rev. Pieter J. Den Admirant<br \/>\n18. CNT-W.Barclay Comentario Al Nuevo Testamento de William Barclay<br \/>\n19. CTHAT-KDes Comentario Al texto del Antiguo Testamento Keil &amp; Delitzsch<br \/>\n20. CT-Metzger \u2013 Comentario Textual al Nuevo Testamento Griego (Bruce M. Metzger)<br \/>\n21. CT-Robertson \u2013 Comentario B\u00edblico Al Texto Griego Del NT<br \/>\n22. CX-JFBes \u2013 COMENTARIO EXEG\u00c9TICO Y EXPLICATIVO DE LA BIBLIA Por Roberto Jamieson, A.R. Fausset, David Brown<br \/>\n23. CXT-SBU COMENTARIO PARA EX\u00c9GESIS Y TRADUCCI\u00d3N<br \/>\n24. MEvs-J.C.Ryle \u2013 Meditaciones sobre los Evangelios de J.C. Ryle (O Comentarios Explicativos Sobre los Evangelios)<br \/>\n25. NCIB-Caribe Nuevo Comentario Ilustrado de la Biblia Caribe<br \/>\n26. NTB-LB Notas Textuales de la Biblia Por Israel Loken y Rick Brannan<br \/>\n27. RB-TCB \u2013 Tesoro del Conocimiento B\u00edblico<\/p>\n<p><strong>Diccionario (13)<\/strong><br \/>\n1. DB-Holman Diccionario B\u00edblico Holman<br \/>\n2. DB-Rand Diccionario de la SANTA BIBLIA de W.W. Rand<br \/>\n3. DRAE2014 \u2013 Diccionario de la Real Academia Espa\u00f1ola 2014<br \/>\n4. DT-Beacon \u2013 Diccionario Teol\u00f3gico Beacon<br \/>\n5. DT-De Andrade \u2013 Diccionario Teol\u00f3gico Por Claudionor Corr\u00eaa de Andrade<br \/>\n6. DT-Harrison \u2013 Diccionario De Teolog\u00eda Por Everett F. Harrison<br \/>\n7. DTN-FWP \u2013 Nuevo Diccionario de Teolog\u00eda Por por S.B. Ferguson; D.F. Wright; J.I. Packer<br \/>\n8. Lambert \u2013 Diccionario de paralelos, concordancias y analog\u00edas b\u00edblica Por C.H. LAMBERT<br \/>\n9. NDRDS \u2013 Nuevo Diccionario de Religiones, Denominaciones y Sectas<br \/>\n10. Perspicacia \u2013 Perspicacia Para Comprender Las Escrituras<br \/>\n11. RMAC \u2013 Diccionario de C\u00f3digos de An\u00e1lisis Morfol\u00f3gico<br \/>\n12. Anderson-T D\u00f3nde Hallarlo En La Biblia Por Ken Anderson<br \/>\n13. Bransby-T Concordancia Tem\u00e1tica de la Biblia 1909 (Rev. Carlos Bransby)<br \/>\n14. StrongC \u2013 Nueva Concordancia Strong Exhaustiva \u2013 James Strong<br \/>\n15. Strong-T \u00cdndice Tem\u00e1tico de la Biblia James Strong<\/p>\n<p><strong>Lexicos (14)<\/strong><br \/>\n1. AHLB \u2013 Ancient Hebrew Lexicon of the Bible Por Jeff A. Benner<br \/>\n2. Barclay \u2013 Palabras Griegas del Nuevo Testamento<br \/>\n3. BDB-THAYERes Definiciones Arameas\/Hebreas de Brown-Driver-Briggs y Griegas de THAYER en Espaniol<br \/>\n4. Chavez \u2013 Diccionario de Hebreo B\u00edblico de Mois\u00e9s Chav\u00e9z<br \/>\n5. DELGADO \u2013 Diccionario griego-espa\u00f1ol del Nuevo Testamento corregida y aumentada \u2013 Inmaculada Delgado Jara<br \/>\n6. DE-VINE \u2013 DICCIONARIO EXPOSITIVO DE PALABRAS DEL AT Y NT (Merril F. Unger y William White Jr Y W.E. Vine)<br \/>\n7. KITTEL \u2013 Compendio del Diccionario teol\u00f3gico Del Nuevo Testamento<br \/>\n8. ORTIZ \u2013 L\u00c9XICO HEBREO-ARAMEO Y GRIEGO-ESPA\u00d1OL<br \/>\n9. PLENITUD \u2013 RIQUEZA LITERARIA DE LA BIBLIA PLENITUD<br \/>\n10. StrongEs \u2013 Diccionario Strong en Espa\u00f1ol<br \/>\n11. STRONG-PLUS DICCIONARIO STRONG PLUS (AMPLIADA EN EL TEMA FILOL\u00d3GICO)<br \/>\n12. Swanson \u2013 DICCIONARIO DE IDIOMAS B\u00cdBLICOS (Arameo, Hebreo y Griego)<br \/>\n13. TAMEZ \u2013 Diccionario Conciso Griego Espa\u00f1ol del Nuevo Testamento<br \/>\n14. Tuggy \u2013 L\u00c9XICO GRIEGO-ESPA\u00d1OL DEL NUEVO TESTAMENTO de Tuggy<\/p>\n<p><strong>Libros de Referencia (34)<\/strong><br \/>\n1. 7FDM-CHUMNEY \u2013 LAS SIETE FIESTAS DEL MES\u00cdAS Por Eddie Chumney<br \/>\n2. BF-Cunnigangham \u2013 Las Bases de la Fe Por Gene Cunnigangham<br \/>\n3. CE-FF-BRUCE EL CANON DE LA ESCRITURA F.F. Bruce<br \/>\n4. CFTE \u2013 Curso de Formaci\u00f3n Teol\u00f3gica Evang\u00e9lica<br \/>\n5. CHSIL-CEM Contra Los Herejes de San Ireneo De Lyon Por Conferencia del Episcopado Mexicano<br \/>\n6. CIB-T-delaFuente Claves de interpretaci\u00f3n b\u00edblica de Tom\u00e1s de la Fuente<br \/>\n7. CJAT-E-Danyans \u2013 Conociendo a Jes\u00fas en el AT Por Eugenio Danyans de la Cinna<br \/>\n8. COEP-ROPERO Colecci\u00f3n Obras Escogidas Patr\u00edstica (10 Tomos) X Alfonso Ropero<br \/>\n9. DB2-ESanchez \u2013 Descubre La Biblia (2da) X Edesio S\u00e1nchez Cetina<br \/>\n10. DDACB-HALEY-ESCUAIN Diccionario de Dificultades y Aparentes Contradicciones B\u00edblicas Por J.W. HALEY &amp; Stgo ESCUAIN<br \/>\n11. EEDB-S-VILA ENCICLOPEDIA EXPLICATIVA DE DIFICULTADES B\u00cdBLICAS Por Samuel Vila<br \/>\n12. EP-JD-PENTECOST Eventos Del Porvenir por J. Dwight Pentecost<br \/>\n13. GEPB-Payne Enciclopedia de Profec\u00eda B\u00edblica Por J. Barton Payne PH.D<br \/>\n14. GTB-Chafer Grandes Temas B\u00edblicos Lewis Sperry Chafer<br \/>\n15. GTB-MHenry Grandes temas de la Biblia por Matthew Henry<br \/>\n16. HC-JLGonzalez HISTORIA DEL CRISTIANISMO, TOMO 1 Y 2 Por Justo L. Gonzalez<br \/>\n17. HMIP-FF-BRUCE HOMBRES Y MOVIMIENTOS EN LA IGLESIA PRIMITIVA F.F. Bruce<br \/>\n18. INTROB-C&amp;H Introducci\u00f3n al AT y NT Por Clyde T. Francisco y Everett F. Harrison<br \/>\n19. NIB-E-Trenchard NORMAS DE INTERPRETACI\u00d3N BIBLICA Por Ernesto Trenchard<br \/>\n20. Notas-BHDG Notas de la Biblia H\u00e9roes Por Dante Gebel<br \/>\n21. Notas-BLM \u2013 Notas de la Biblia De Liderazgo De Maxwell<br \/>\n22. PBTJ-E-DANYANS PROCESO A LA \u201cBIBLIA\u201d DE LOS TESTIGOS DE JEHOVA Por EUGENIO DANYANS<br \/>\n23. PETSEC \u2013 PORQUE EL TIEMPO SI ESTA CERCA Por John Macarthur<br \/>\n24. SENTG-RH Sintaxis Exeg\u00e9tica del Nuevo Testamento griego Por Roberto Hanna<br \/>\n25. SFDNT-FF-BRUCE \u00bfSON FIDEDIGNOS LOS DOCUMENTOS DEL NUEVO TESTAMENTO? Por F.F. Bruce<br \/>\n26. SPC-RC-SPROUL La Serie Preguntas Cruciales por R. C. Sproul<br \/>\n27. TBS-M-PEARLMAN Teologia Biblica Y Sistematica de Myer Pearlman<br \/>\n28. TdI-STRONG \u2013 TABERN\u00c1CULO DE ISRAEL Por JAMES STRONG<br \/>\n29. TF-Pollard-Brown Una teolog\u00eda de la familia Por Jeff Pollard y Scott T. Brown<br \/>\n30. TS-CHAFER Teolog\u00eda Sistem\u00e1tica De Lewis Sperry Chafer<br \/>\n31. TS-Garrett Teolog\u00eda Sistem\u00e1tica, B\u00edblica, hist\u00f3rica y evang\u00e9lica Por James Leo Garrett, h.<br \/>\n32. TS-Grudem TEOLOG\u00cdA SISTEM\u00c1TICA de WAYNE GRUDEM<br \/>\n33. TS-Hodge TEOLOG\u00cdA SISTEM\u00c1TICA Por Charles Hodge, D.D<br \/>\n34. VCTCP-VH Vine \u2013 Comentario Tem\u00e1tico Cristo Y Profec\u00eda Por W.E. Vine Con C.F. Hogg<\/p>\n<p><strong>Un Plus de Regalo<\/strong><\/p>\n<p>BGS-FSC Biblia Griega Septuaginta (Por ahora el Quinto tomo que corresponde NT que ser\u00eda NA28 al Espa\u00f1ol).<br \/>\nSP-David-Horton SEMINARIO PORT\u00c1TIL Por DAVID HORTON<\/p>\n<p style=\"text-align: center;\"><strong>TEU2<\/strong><\/p>\n<p><strong>Libros Referencias<\/strong><br \/>\n1. 3PVMILENIO-BBGS = TRES PUNTOS DE VISTA DEL MILENIO Y EL M\u00c1S ALL\u00c1 (Darrell L. Bock, Craig A. Blaising, Kenneth L. Gentry Jr., Robert B. Strimple)<br \/>\n2. 4PVAPOCALIPSIS-GHPT = CUATRO PUNTOS DE VISTA SOBRE EL APOCALIPSIS (Kenneth L. Gentry Jr, Sam Hamstra Jr., C. Marvin Pate).<br \/>\n3. AMDF-J-BROGER = AUTO CONFRONTACI\u00d3N Manual para el Discipulado a Fondo x John C. Broger<br \/>\n4. CP-R-Mahoney = El Cayado Del Pastor x Ralph Mahoney<br \/>\n5. ELDSN-VVAA = EL LUGAR DE SU NOMBRE UN SIMPOSIO SOBRE LA IGLESIA (Su dise\u00f1o, su desarrollo, su doctrina Por 20 Escritores)<br \/>\n6. FTP-DC = Fundamentos de Teolog\u00eda Pentecostal -2E x Guy P. Duffield y Nathaniel M. Van Cleave<br \/>\n7. GTB-Chafer = Grandes Temas B\u00edblicos x Lewis Sperry Chafer<br \/>\n8. HB-JM-Mart\u00ednez = HERMEN\u00c9UTICA B\u00cdBLICA x Jos\u00e9 M. Mart\u00ednez<br \/>\n9. HE-E-CESAREA = HISTORIA ECLESI\u00c1STICA X EUSEBIO DE CESAREA (TRADUCCI\u00d3N DIRECTA DEL GRIEGO POR GEORGE GRAYLING &#8211; CLIE)<br \/>\n10. HMJA-Roitman = Historia m\u00ednima de los jud\u00edos en la antig\u00fcedad x Adolfo D. Roitman<br \/>\n11. LaVision-D-Wilkerson = La Visi\u00f3n x David Wilkerson<br \/>\n12. MPH-KS = MANUAL PRACTICO DE HOMIL\u00c9TICA x Kittim Silva<br \/>\n13. PB-HROBINSON = La Predicaci\u00f3n B\u00edblica x Haddon W. Robinson (FLET)<br \/>\n14. TBSE-FM = Teolog\u00eda B\u00edblica Sistem\u00e1tica y Expositiva 2E por F\u00e9lix Mu\u00f1oz<br \/>\n15. TS-Berkhof = TEOLOG\u00cdA SISTEM\u00c1TICA x Louis Berkhof<\/p>\n<p><strong>Diccionarios B\u00edblicos<\/strong><br \/>\n1. DB-Holman Diccionario B\u00edblico Holman 2014<br \/>\n2. DBA-Pfeiffer Diccionario B\u00edblico Arqueol\u00f3gico x Charles Pfeiffer &#8211; 3E-2002<br \/>\n3. DB-Certeza Nuevo Diccionario B\u00edblico Certeza (1E-1992 &#8211; Basada en la 2E inglesa del New Bible Dictionary, 1982)<br \/>\n4. DB-Lockward Nuevo Diccionario De La Biblia de Alfonso Lockward &#8211; 1E-1999<br \/>\n5. DB-MH Diccionario B\u00edblico Mundo Hispano por J.D. Douglas Y Merrill C. Tenney &#8211; 6E-2005<br \/>\n6. DB-Nelson Nuevo Diccionario Ilustrado de la Biblia Caribe X Wilton M. Nelson -1E-1998<br \/>\n7. DB-Vila-Escuain Nuevo Diccionario B\u00edblico Ilustrado Vila Y Escuain &#8211; 1E-1985<br \/>\n8. DFD-Bullinger Diccionario de Figuras de Dicci\u00f3n de Ethelbert W. Bullinger Adaptado al castellano por Francisco Lacueva &#8211; 1E-1985<br \/>\n9. DH-JD-Hernando &#8211; Diccionario de Hermen\u00e9utica Por James D. Hernando &#8211; 1E-2012<br \/>\n10. DMHA-PA-Deiros Diccionario Hispano-Americano de la Misi\u00f3n X Pablo Alberto Deiros &#8211; 2E-2006<\/p>\n<p>PLUS++<br \/>\nT-Emet Torat Emet nueva edici\u00f3n revisada y ampliada comentado por Ruben Segal<br \/>\nT-JAIM TORAT JAIM x Rab\u00ed Aryeh Kaplan<br \/>\nDD-K Daniels Diccionario Sobre Los Demonios 1 y 2 x KIMBERLY DANIELS<\/p>\n","protected":false},"excerpt":{"rendered":"<p>Sean Bienvenidos. RECUERDA. No es necesario que adquieras esta compilaci\u00f3n, la mayor\u00eda de los m\u00f3dulos lo pod\u00e9is encontrar en nuestra web. De forma gratuita. www.Bibliotecahispana.net TEU (Todo En Uno) es una recopilaci\u00f3n que re\u00fane en un solo archivo todos los m\u00f3dulos publicados por BH en su p\u00e1gina Web. Est\u00e1 dise\u00f1ado para quienes desean instalar e-Sword [&hellip;]<\/p>\n","protected":false},"author":1,"featured_media":0,"parent":0,"menu_order":2,"comment_status":"open","ping_status":"closed","template":"","meta":{"_seopress_robots_primary_cat":"","_seopress_titles_title":"","_seopress_titles_desc":"","_seopress_robots_index":"","pmpro_default_level":"","_mi_skip_tracking":false,"_monsterinsights_sitenote_active":false,"_monsterinsights_sitenote_note":"","_monsterinsights_sitenote_category":0,"_uf_show_specific_survey":0,"_uf_disable_surveys":false,"site-sidebar-layout":"default","site-content-layout":"","ast-site-content-layout":"default","site-content-style":"default","site-sidebar-style":"default","ast-global-header-display":"","ast-banner-title-visibility":"","ast-main-header-display":"","ast-hfb-above-header-display":"","ast-hfb-below-header-display":"","ast-hfb-mobile-header-display":"","site-post-title":"","ast-breadcrumbs-content":"","ast-featured-img":"","footer-sml-layout":"","ast-disable-related-posts":"","theme-transparent-header-meta":"","adv-header-id-meta":"","stick-header-meta":"","header-above-stick-meta":"","header-main-stick-meta":"","header-below-stick-meta":"","astra-migrate-meta-layouts":"default","ast-page-background-enabled":"default","ast-page-background-meta":{"desktop":{"background-color":"var(--ast-global-color-4)","background-image":"","background-repeat":"repeat","background-position":"center center","background-size":"auto","background-attachment":"scroll","background-type":"","background-media":"","overlay-type":"","overlay-color":"","overlay-opacity":"","overlay-gradient":""},"tablet":{"background-color":"","background-image":"","background-repeat":"repeat","background-position":"center center","background-size":"auto","background-attachment":"scroll","background-type":"","background-media":"","overlay-type":"","overlay-color":"","overlay-opacity":"","overlay-gradient":""},"mobile":{"background-color":"","background-image":"","background-repeat":"repeat","background-position":"center center","background-size":"auto","background-attachment":"scroll","background-type":"","background-media":"","overlay-type":"","overlay-color":"","overlay-opacity":"","overlay-gradient":""}},"ast-content-background-meta":{"desktop":{"background-color":"var(--ast-global-color-5)","background-image":"","background-repeat":"repeat","background-position":"center center","background-size":"auto","background-attachment":"scroll","background-type":"","background-media":"","overlay-type":"","overlay-color":"","overlay-opacity":"","overlay-gradient":""},"tablet":{"background-color":"var(--ast-global-color-5)","background-image":"","background-repeat":"repeat","background-position":"center center","background-size":"auto","background-attachment":"scroll","background-type":"","background-media":"","overlay-type":"","overlay-color":"","overlay-opacity":"","overlay-gradient":""},"mobile":{"background-color":"var(--ast-global-color-5)","background-image":"","background-repeat":"repeat","background-position":"center center","background-size":"auto","background-attachment":"scroll","background-type":"","background-media":"","overlay-type":"","overlay-color":"","overlay-opacity":"","overlay-gradient":""}},"footnotes":""},"class_list":["post-11519","page","type-page","status-publish","hentry","pmpro-has-access"],"_links":{"self":[{"href":"https:\/\/bibliotecahispana.net\/index.php\/wp-json\/wp\/v2\/pages\/11519","targetHints":{"allow":["GET"]}}],"collection":[{"href":"https:\/\/bibliotecahispana.net\/index.php\/wp-json\/wp\/v2\/pages"}],"about":[{"href":"https:\/\/bibliotecahispana.net\/index.php\/wp-json\/wp\/v2\/types\/page"}],"author":[{"embeddable":true,"href":"https:\/\/bibliotecahispana.net\/index.php\/wp-json\/wp\/v2\/users\/1"}],"replies":[{"embeddable":true,"href":"https:\/\/bibliotecahispana.net\/index.php\/wp-json\/wp\/v2\/comments?post=11519"}],"version-history":[{"count":5,"href":"https:\/\/bibliotecahispana.net\/index.php\/wp-json\/wp\/v2\/pages\/11519\/revisions"}],"predecessor-version":[{"id":12831,"href":"https:\/\/bibliotecahispana.net\/index.php\/wp-json\/wp\/v2\/pages\/11519\/revisions\/12831"}],"wp:attachment":[{"href":"https:\/\/bibliotecahispana.net\/index.php\/wp-json\/wp\/v2\/media?parent=11519"}],"curies":[{"name":"wp","href":"https:\/\/api.w.org\/{rel}","templated":true}]}}